{"id":1239,"date":"2025-05-22T12:50:29","date_gmt":"2025-05-22T12:50:29","guid":{"rendered":"https:\/\/diennisoft.com\/?post_type=product&#038;p=1239"},"modified":"2025-05-26T11:33:23","modified_gmt":"2025-05-26T11:33:23","slug":"lukas","status":"publish","type":"product","link":"https:\/\/diennisoft.com\/?product=lukas","title":{"rendered":"Lukas"},"content":{"rendered":"<p data-start=\"68\" data-end=\"302\">Ya\u015fam alanlar\u0131n\u0131z\u0131 g\u00fczelle\u015ftirmek ve ki\u015fisel tarz\u0131n\u0131z\u0131 yans\u0131tmak i\u00e7in Lukas Koltuk Tak\u0131m\u0131 sizleri bekliyor. Ah\u015fap ayak detaylar\u0131yla modernli\u011fi ve sadeli\u011fi bir araya getiren Lukas, evinizin atmosferine s\u0131cakl\u0131k ve karakter kat\u0131yor.<\/p>\n<p>Lukas, tasar\u0131m\u0131, zarafeti ve i\u015flevselli\u011fi bir arada sunar. Ah\u015fap ayak detaylar\u0131, koltuk tak\u0131m\u0131na do\u011fal bir dokunu\u015f kazand\u0131r\u0131rken ayn\u0131 zamanda modern \u00e7izgilerle bulu\u015farak g\u00f6z al\u0131c\u0131 bir g\u00f6r\u00fcn\u00fcm ortaya \u00e7\u0131kar\u0131r. Bu \u00f6zel detaylar, Lukas\u2019\u0131 di\u011fer koltuk tak\u0131mlar\u0131ndan ay\u0131ran ba\u015fl\u0131ca \u00f6zellikler aras\u0131ndad\u0131r.<\/p>\n<p>Konfor ve \u015f\u0131kl\u0131\u011f\u0131n bulu\u015fma noktas\u0131 olan koltuk tak\u0131mlar\u0131, evinizin s\u0131cak ve davetkar bir atmosfere sahip olmas\u0131n\u0131 sa\u011flar.<\/p>\n","protected":false},"excerpt":{"rendered":"<p>Ya\u015fam alanlar\u0131n\u0131z\u0131 g\u00fczelle\u015ftirmek ve ki\u015fisel tarz\u0131n\u0131z\u0131 yans\u0131tmak i\u00e7in Lukas Koltuk Tak\u0131m\u0131 sizleri bekliyor. Ah\u015fap ayak detaylar\u0131yla modernli\u011fi ve sadeli\u011fi bir<\/p>\n","protected":false},"featured_media":1336,"comment_status":"open","ping_status":"closed","template":"","meta":[],"product_brand":[],"product_cat":[68],"product_tag":[],"class_list":{"0":"post-1239","1":"product","2":"type-product","3":"status-publish","4":"has-post-thumbnail","6":"product_cat-koltuk-takimlari","8":"first","9":"instock","10":"shipping-taxable","11":"product-type-simple"},"_links":{"self":[{"href":"https:\/\/diennisoft.com\/index.php?rest_route=\/wp\/v2\/product\/1239","targetHints":{"allow":["GET"]}}],"collection":[{"href":"https:\/\/diennisoft.com\/index.php?rest_route=\/wp\/v2\/product"}],"about":[{"href":"https:\/\/diennisoft.com\/index.php?rest_route=\/wp\/v2\/types\/product"}],"replies":[{"embeddable":true,"href":"https:\/\/diennisoft.com\/index.php?rest_route=%2Fwp%2Fv2%2Fcomments&post=1239"}],"wp:featuredmedia":[{"embeddable":true,"href":"https:\/\/diennisoft.com\/index.php?rest_route=\/wp\/v2\/media\/1336"}],"wp:attachment":[{"href":"https:\/\/diennisoft.com\/index.php?rest_route=%2Fwp%2Fv2%2Fmedia&parent=1239"}],"wp:term":[{"taxonomy":"product_brand","embeddable":true,"href":"https:\/\/diennisoft.com\/index.php?rest_route=%2Fwp%2Fv2%2Fproduct_brand&post=1239"},{"taxonomy":"product_cat","embeddable":true,"href":"https:\/\/diennisoft.com\/index.php?rest_route=%2Fwp%2Fv2%2Fproduct_cat&post=1239"},{"taxonomy":"product_tag","embeddable":true,"href":"https:\/\/diennisoft.com\/index.php?rest_route=%2Fwp%2Fv2%2Fproduct_tag&post=1239"}],"curies":[{"name":"wp","href":"https:\/\/api.w.org\/{rel}","templated":true}]}}