{"id":1264,"date":"2025-05-23T07:50:45","date_gmt":"2025-05-23T07:50:45","guid":{"rendered":"https:\/\/diennisoft.com\/?post_type=product&#038;p=1264"},"modified":"2025-05-26T11:31:44","modified_gmt":"2025-05-26T11:31:44","slug":"bugatti","status":"publish","type":"product","link":"https:\/\/diennisoft.com\/?product=bugatti","title":{"rendered":"BUGATT\u0130"},"content":{"rendered":"<p>Bugatti koltuk tak\u0131m\u0131 , ya\u015fam alan\u0131n\u0131z\u0131 modern bir zarafetle doldururken rahatl\u0131k ve estetik aras\u0131ndaki m\u00fckemmel dengeyi sa\u011flar. Ad\u0131n\u0131 efsanevi tasar\u0131m \u00f6\u011felerinden alan Bugatti, sadece bir koltuk tak\u0131m\u0131 de\u011fil , ayn\u0131 zamanda bir ya\u015fam tarz\u0131 ifadesidir.<\/p>\n","protected":false},"excerpt":{"rendered":"<p>Bugatti koltuk tak\u0131m\u0131 , ya\u015fam alan\u0131n\u0131z\u0131 modern bir zarafetle doldururken rahatl\u0131k ve estetik aras\u0131ndaki m\u00fckemmel dengeyi sa\u011flar. Ad\u0131n\u0131 efsanevi tasar\u0131m<\/p>\n","protected":false},"featured_media":1333,"comment_status":"open","ping_status":"closed","template":"","meta":[],"product_brand":[73],"product_cat":[68],"product_tag":[80,81],"class_list":{"0":"post-1264","1":"product","2":"type-product","3":"status-publish","4":"has-post-thumbnail","6":"product_brand-dienni","7":"product_cat-koltuk-takimlari","8":"product_tag-bugatti","9":"product_tag-koltuk-takimi","11":"first","12":"instock","13":"shipping-taxable","14":"product-type-simple"},"_links":{"self":[{"href":"https:\/\/diennisoft.com\/index.php?rest_route=\/wp\/v2\/product\/1264","targetHints":{"allow":["GET"]}}],"collection":[{"href":"https:\/\/diennisoft.com\/index.php?rest_route=\/wp\/v2\/product"}],"about":[{"href":"https:\/\/diennisoft.com\/index.php?rest_route=\/wp\/v2\/types\/product"}],"replies":[{"embeddable":true,"href":"https:\/\/diennisoft.com\/index.php?rest_route=%2Fwp%2Fv2%2Fcomments&post=1264"}],"wp:featuredmedia":[{"embeddable":true,"href":"https:\/\/diennisoft.com\/index.php?rest_route=\/wp\/v2\/media\/1333"}],"wp:attachment":[{"href":"https:\/\/diennisoft.com\/index.php?rest_route=%2Fwp%2Fv2%2Fmedia&parent=1264"}],"wp:term":[{"taxonomy":"product_brand","embeddable":true,"href":"https:\/\/diennisoft.com\/index.php?rest_route=%2Fwp%2Fv2%2Fproduct_brand&post=1264"},{"taxonomy":"product_cat","embeddable":true,"href":"https:\/\/diennisoft.com\/index.php?rest_route=%2Fwp%2Fv2%2Fproduct_cat&post=1264"},{"taxonomy":"product_tag","embeddable":true,"href":"https:\/\/diennisoft.com\/index.php?rest_route=%2Fwp%2Fv2%2Fproduct_tag&post=1264"}],"curies":[{"name":"wp","href":"https:\/\/api.w.org\/{rel}","templated":true}]}}