{"id":1276,"date":"2025-05-23T07:58:43","date_gmt":"2025-05-23T07:58:43","guid":{"rendered":"https:\/\/diennisoft.com\/?post_type=product&#038;p=1276"},"modified":"2025-05-26T11:32:15","modified_gmt":"2025-05-26T11:32:15","slug":"arte","status":"publish","type":"product","link":"https:\/\/diennisoft.com\/?product=arte","title":{"rendered":"ARTE"},"content":{"rendered":"<p>Arte Koltuk Tak\u0131m\u0131 , evlerinize \u00e7a\u011fda\u015f bir dokunu\u015f getirirken , zerafetiyle g\u00f6zleri \u00fczerine \u00e7ekiyor. Kapitoneli d\u00f6\u015feme kuma\u015f\u0131 , alt\u0131n renkteki ayaklarla bulu\u015farak muhte\u015fem bir uyum olu\u015fturuyor ve ya\u015fam alanlar\u0131n\u0131za l\u00fcks bir atmosfer kat\u0131yor.<\/p>\n","protected":false},"excerpt":{"rendered":"<p>Arte Koltuk Tak\u0131m\u0131 , evlerinize \u00e7a\u011fda\u015f bir dokunu\u015f getirirken , zerafetiyle g\u00f6zleri \u00fczerine \u00e7ekiyor. Kapitoneli d\u00f6\u015feme kuma\u015f\u0131 , alt\u0131n renkteki<\/p>\n","protected":false},"featured_media":1334,"comment_status":"open","ping_status":"closed","template":"","meta":[],"product_brand":[73],"product_cat":[68],"product_tag":[87,81],"class_list":{"0":"post-1276","1":"product","2":"type-product","3":"status-publish","4":"has-post-thumbnail","6":"product_brand-dienni","7":"product_cat-koltuk-takimlari","8":"product_tag-arte","9":"product_tag-koltuk-takimi","11":"first","12":"instock","13":"shipping-taxable","14":"product-type-simple"},"_links":{"self":[{"href":"https:\/\/diennisoft.com\/index.php?rest_route=\/wp\/v2\/product\/1276","targetHints":{"allow":["GET"]}}],"collection":[{"href":"https:\/\/diennisoft.com\/index.php?rest_route=\/wp\/v2\/product"}],"about":[{"href":"https:\/\/diennisoft.com\/index.php?rest_route=\/wp\/v2\/types\/product"}],"replies":[{"embeddable":true,"href":"https:\/\/diennisoft.com\/index.php?rest_route=%2Fwp%2Fv2%2Fcomments&post=1276"}],"wp:featuredmedia":[{"embeddable":true,"href":"https:\/\/diennisoft.com\/index.php?rest_route=\/wp\/v2\/media\/1334"}],"wp:attachment":[{"href":"https:\/\/diennisoft.com\/index.php?rest_route=%2Fwp%2Fv2%2Fmedia&parent=1276"}],"wp:term":[{"taxonomy":"product_brand","embeddable":true,"href":"https:\/\/diennisoft.com\/index.php?rest_route=%2Fwp%2Fv2%2Fproduct_brand&post=1276"},{"taxonomy":"product_cat","embeddable":true,"href":"https:\/\/diennisoft.com\/index.php?rest_route=%2Fwp%2Fv2%2Fproduct_cat&post=1276"},{"taxonomy":"product_tag","embeddable":true,"href":"https:\/\/diennisoft.com\/index.php?rest_route=%2Fwp%2Fv2%2Fproduct_tag&post=1276"}],"curies":[{"name":"wp","href":"https:\/\/api.w.org\/{rel}","templated":true}]}}