{"id":1287,"date":"2025-05-23T08:08:06","date_gmt":"2025-05-23T08:08:06","guid":{"rendered":"https:\/\/diennisoft.com\/?post_type=product&#038;p=1287"},"modified":"2025-05-26T11:32:51","modified_gmt":"2025-05-26T11:32:51","slug":"nova","status":"publish","type":"product","link":"https:\/\/diennisoft.com\/?product=nova","title":{"rendered":"Nova"},"content":{"rendered":"<p>Kolundaki alt\u0131n \u015ferit detaylar\u0131 , koltuk tak\u0131m\u0131na sofistike bir dokunu\u015f kazand\u0131r\u0131rken , alt\u0131n renkteki ayaklar ise modernli\u011fin ve zarafetin simgesi olur. \u00a0Bu detaylar , Nova&#8217;y\u0131 di\u011fer koltuk tak\u0131mlar\u0131ndan ay\u0131ran \u00f6zellikler aras\u0131ndad\u0131r.<\/p>\n","protected":false},"excerpt":{"rendered":"<p>Kolundaki alt\u0131n \u015ferit detaylar\u0131 , koltuk tak\u0131m\u0131na sofistike bir dokunu\u015f kazand\u0131r\u0131rken , alt\u0131n renkteki ayaklar ise modernli\u011fin ve zarafetin simgesi<\/p>\n","protected":false},"featured_media":1335,"comment_status":"open","ping_status":"closed","template":"","meta":[],"product_brand":[73],"product_cat":[68],"product_tag":[81,92],"class_list":{"0":"post-1287","1":"product","2":"type-product","3":"status-publish","4":"has-post-thumbnail","6":"product_brand-dienni","7":"product_cat-koltuk-takimlari","8":"product_tag-koltuk-takimi","9":"product_tag-nova","11":"first","12":"instock","13":"shipping-taxable","14":"product-type-simple"},"_links":{"self":[{"href":"https:\/\/diennisoft.com\/index.php?rest_route=\/wp\/v2\/product\/1287","targetHints":{"allow":["GET"]}}],"collection":[{"href":"https:\/\/diennisoft.com\/index.php?rest_route=\/wp\/v2\/product"}],"about":[{"href":"https:\/\/diennisoft.com\/index.php?rest_route=\/wp\/v2\/types\/product"}],"replies":[{"embeddable":true,"href":"https:\/\/diennisoft.com\/index.php?rest_route=%2Fwp%2Fv2%2Fcomments&post=1287"}],"wp:featuredmedia":[{"embeddable":true,"href":"https:\/\/diennisoft.com\/index.php?rest_route=\/wp\/v2\/media\/1335"}],"wp:attachment":[{"href":"https:\/\/diennisoft.com\/index.php?rest_route=%2Fwp%2Fv2%2Fmedia&parent=1287"}],"wp:term":[{"taxonomy":"product_brand","embeddable":true,"href":"https:\/\/diennisoft.com\/index.php?rest_route=%2Fwp%2Fv2%2Fproduct_brand&post=1287"},{"taxonomy":"product_cat","embeddable":true,"href":"https:\/\/diennisoft.com\/index.php?rest_route=%2Fwp%2Fv2%2Fproduct_cat&post=1287"},{"taxonomy":"product_tag","embeddable":true,"href":"https:\/\/diennisoft.com\/index.php?rest_route=%2Fwp%2Fv2%2Fproduct_tag&post=1287"}],"curies":[{"name":"wp","href":"https:\/\/api.w.org\/{rel}","templated":true}]}}