{"id":1288,"date":"2025-05-23T08:31:23","date_gmt":"2025-05-23T08:31:23","guid":{"rendered":"https:\/\/diennisoft.com\/?post_type=product&#038;p=1288"},"modified":"2025-05-26T11:30:58","modified_gmt":"2025-05-26T11:30:58","slug":"side","status":"publish","type":"product","link":"https:\/\/diennisoft.com\/?product=side","title":{"rendered":"S\u0130DE"},"content":{"rendered":"<p>Side , tasar\u0131m\u0131nda sadelik ve \u015f\u0131kl\u0131\u011f\u0131 \u00f6n planda tutar. Temiz \u00e7izgileri ve dikkat \u00e7ekici detaylar\u0131yla evinize modern bir hava katar.<\/p>\n<p>Her par\u00e7as\u0131 \u00f6zenle tasarlanm\u0131\u015f ve \u00fcretilmi\u015f olan Side Koltuk Tak\u0131m\u0131 , ya\u015fam alanlar\u0131n\u0131z\u0131 g\u00fczelle\u015ftirmek i\u00e7in m\u00fckemmel bir se\u00e7imdir.<\/p>\n","protected":false},"excerpt":{"rendered":"<p>Side , tasar\u0131m\u0131nda sadelik ve \u015f\u0131kl\u0131\u011f\u0131 \u00f6n planda tutar. Temiz \u00e7izgileri ve dikkat \u00e7ekici detaylar\u0131yla evinize modern bir hava katar.<\/p>\n","protected":false},"featured_media":1332,"comment_status":"open","ping_status":"closed","template":"","meta":[],"product_brand":[73],"product_cat":[68],"product_tag":[81,96],"class_list":{"0":"post-1288","1":"product","2":"type-product","3":"status-publish","4":"has-post-thumbnail","6":"product_brand-dienni","7":"product_cat-koltuk-takimlari","8":"product_tag-koltuk-takimi","9":"product_tag-side","11":"first","12":"instock","13":"shipping-taxable","14":"product-type-simple"},"_links":{"self":[{"href":"https:\/\/diennisoft.com\/index.php?rest_route=\/wp\/v2\/product\/1288","targetHints":{"allow":["GET"]}}],"collection":[{"href":"https:\/\/diennisoft.com\/index.php?rest_route=\/wp\/v2\/product"}],"about":[{"href":"https:\/\/diennisoft.com\/index.php?rest_route=\/wp\/v2\/types\/product"}],"replies":[{"embeddable":true,"href":"https:\/\/diennisoft.com\/index.php?rest_route=%2Fwp%2Fv2%2Fcomments&post=1288"}],"wp:featuredmedia":[{"embeddable":true,"href":"https:\/\/diennisoft.com\/index.php?rest_route=\/wp\/v2\/media\/1332"}],"wp:attachment":[{"href":"https:\/\/diennisoft.com\/index.php?rest_route=%2Fwp%2Fv2%2Fmedia&parent=1288"}],"wp:term":[{"taxonomy":"product_brand","embeddable":true,"href":"https:\/\/diennisoft.com\/index.php?rest_route=%2Fwp%2Fv2%2Fproduct_brand&post=1288"},{"taxonomy":"product_cat","embeddable":true,"href":"https:\/\/diennisoft.com\/index.php?rest_route=%2Fwp%2Fv2%2Fproduct_cat&post=1288"},{"taxonomy":"product_tag","embeddable":true,"href":"https:\/\/diennisoft.com\/index.php?rest_route=%2Fwp%2Fv2%2Fproduct_tag&post=1288"}],"curies":[{"name":"wp","href":"https:\/\/api.w.org\/{rel}","templated":true}]}}