{"id":1289,"date":"2025-05-23T08:37:39","date_gmt":"2025-05-23T08:37:39","guid":{"rendered":"https:\/\/diennisoft.com\/?post_type=product&#038;p=1289"},"modified":"2025-05-26T11:30:23","modified_gmt":"2025-05-26T11:30:23","slug":"ottoman","status":"publish","type":"product","link":"https:\/\/diennisoft.com\/?product=ottoman","title":{"rendered":"OTTOMAN"},"content":{"rendered":"<p>Ottoman , konfor ve modernlik aras\u0131nda m\u00fckemmel bir denge kurar.<\/p>\n<p>Yumu\u015fak k\u0131rlentleri ve geni\u015f oturma alanlar\u0131 , uzun s\u00fcreli oturmalarda bile rahatl\u0131\u011f\u0131 garantiler.<\/p>\n<p>Modern \u00e7izgileri ve dikkat \u00e7ekici detaylar\u0131yla Ottoman Koltuk Tak\u0131m\u0131 , evinizin her k\u00f6\u015fesine zarafet katar.<\/p>\n","protected":false},"excerpt":{"rendered":"<p>Ottoman , konfor ve modernlik aras\u0131nda m\u00fckemmel bir denge kurar. Yumu\u015fak k\u0131rlentleri ve geni\u015f oturma alanlar\u0131 , uzun s\u00fcreli oturmalarda<\/p>\n","protected":false},"featured_media":1331,"comment_status":"open","ping_status":"closed","template":"","meta":[],"product_brand":[73],"product_cat":[68],"product_tag":[81,101],"class_list":{"0":"post-1289","1":"product","2":"type-product","3":"status-publish","4":"has-post-thumbnail","6":"product_brand-dienni","7":"product_cat-koltuk-takimlari","8":"product_tag-koltuk-takimi","9":"product_tag-ottoman","11":"first","12":"instock","13":"shipping-taxable","14":"product-type-simple"},"_links":{"self":[{"href":"https:\/\/diennisoft.com\/index.php?rest_route=\/wp\/v2\/product\/1289","targetHints":{"allow":["GET"]}}],"collection":[{"href":"https:\/\/diennisoft.com\/index.php?rest_route=\/wp\/v2\/product"}],"about":[{"href":"https:\/\/diennisoft.com\/index.php?rest_route=\/wp\/v2\/types\/product"}],"replies":[{"embeddable":true,"href":"https:\/\/diennisoft.com\/index.php?rest_route=%2Fwp%2Fv2%2Fcomments&post=1289"}],"wp:featuredmedia":[{"embeddable":true,"href":"https:\/\/diennisoft.com\/index.php?rest_route=\/wp\/v2\/media\/1331"}],"wp:attachment":[{"href":"https:\/\/diennisoft.com\/index.php?rest_route=%2Fwp%2Fv2%2Fmedia&parent=1289"}],"wp:term":[{"taxonomy":"product_brand","embeddable":true,"href":"https:\/\/diennisoft.com\/index.php?rest_route=%2Fwp%2Fv2%2Fproduct_brand&post=1289"},{"taxonomy":"product_cat","embeddable":true,"href":"https:\/\/diennisoft.com\/index.php?rest_route=%2Fwp%2Fv2%2Fproduct_cat&post=1289"},{"taxonomy":"product_tag","embeddable":true,"href":"https:\/\/diennisoft.com\/index.php?rest_route=%2Fwp%2Fv2%2Fproduct_tag&post=1289"}],"curies":[{"name":"wp","href":"https:\/\/api.w.org\/{rel}","templated":true}]}}