{"id":1290,"date":"2025-05-23T08:43:50","date_gmt":"2025-05-23T08:43:50","guid":{"rendered":"https:\/\/diennisoft.com\/?post_type=product&#038;p=1290"},"modified":"2025-05-26T11:29:52","modified_gmt":"2025-05-26T11:29:52","slug":"katre","status":"publish","type":"product","link":"https:\/\/diennisoft.com\/?product=katre","title":{"rendered":"KATRE"},"content":{"rendered":"<p>Katre , tasar\u0131m\u0131nda sadelik ve zarafeti birle\u015ftirir. Ah\u015fap ayak ve kol detaylar\u0131 , koltuk tak\u0131m\u0131na do\u011fall\u0131k ve \u015f\u0131kl\u0131k katarken , kapitoneli d\u00f6\u015feme kuma\u015f\u0131yla da l\u00fcks bir hava yarat\u0131r<\/p>\n<p>Bu detaylar , Katre&#8217;yi s\u0131radan koltuk tak\u0131mlar\u0131ndan ay\u0131ran \u00f6zellikler aras\u0131ndad\u0131r.<\/p>\n","protected":false},"excerpt":{"rendered":"<p>Katre , tasar\u0131m\u0131nda sadelik ve zarafeti birle\u015ftirir. Ah\u015fap ayak ve kol detaylar\u0131 , koltuk tak\u0131m\u0131na do\u011fall\u0131k ve \u015f\u0131kl\u0131k katarken ,<\/p>\n","protected":false},"featured_media":1330,"comment_status":"open","ping_status":"closed","template":"","meta":[],"product_brand":[73],"product_cat":[68],"product_tag":[105,81],"class_list":{"0":"post-1290","1":"product","2":"type-product","3":"status-publish","4":"has-post-thumbnail","6":"product_brand-dienni","7":"product_cat-koltuk-takimlari","8":"product_tag-katre","9":"product_tag-koltuk-takimi","11":"first","12":"instock","13":"shipping-taxable","14":"product-type-simple"},"_links":{"self":[{"href":"https:\/\/diennisoft.com\/index.php?rest_route=\/wp\/v2\/product\/1290","targetHints":{"allow":["GET"]}}],"collection":[{"href":"https:\/\/diennisoft.com\/index.php?rest_route=\/wp\/v2\/product"}],"about":[{"href":"https:\/\/diennisoft.com\/index.php?rest_route=\/wp\/v2\/types\/product"}],"replies":[{"embeddable":true,"href":"https:\/\/diennisoft.com\/index.php?rest_route=%2Fwp%2Fv2%2Fcomments&post=1290"}],"wp:featuredmedia":[{"embeddable":true,"href":"https:\/\/diennisoft.com\/index.php?rest_route=\/wp\/v2\/media\/1330"}],"wp:attachment":[{"href":"https:\/\/diennisoft.com\/index.php?rest_route=%2Fwp%2Fv2%2Fmedia&parent=1290"}],"wp:term":[{"taxonomy":"product_brand","embeddable":true,"href":"https:\/\/diennisoft.com\/index.php?rest_route=%2Fwp%2Fv2%2Fproduct_brand&post=1290"},{"taxonomy":"product_cat","embeddable":true,"href":"https:\/\/diennisoft.com\/index.php?rest_route=%2Fwp%2Fv2%2Fproduct_cat&post=1290"},{"taxonomy":"product_tag","embeddable":true,"href":"https:\/\/diennisoft.com\/index.php?rest_route=%2Fwp%2Fv2%2Fproduct_tag&post=1290"}],"curies":[{"name":"wp","href":"https:\/\/api.w.org\/{rel}","templated":true}]}}