{"id":1292,"date":"2025-05-23T08:55:21","date_gmt":"2025-05-23T08:55:21","guid":{"rendered":"https:\/\/diennisoft.com\/?post_type=product&#038;p=1292"},"modified":"2025-05-26T11:28:32","modified_gmt":"2025-05-26T11:28:32","slug":"linda","status":"publish","type":"product","link":"https:\/\/diennisoft.com\/?product=linda","title":{"rendered":"L\u0130NDA"},"content":{"rendered":"<p>Linda Koltuk Tak\u0131m\u0131 , evinizin atmosferini yeniden \u015fekillendirirken zarafeti ve konforu bir araya getiriyor.<\/p>\n<p>Her detay\u0131 \u00f6zenle tasarlanm\u0131\u015f olan bu koltuk tak\u0131m\u0131 , modern \u00e7izgileriyle g\u00f6z al\u0131c\u0131 bir g\u00f6r\u00fcn\u00fcm sunarken, ayn\u0131 zamanda sa\u011flad\u0131\u011f\u0131 konforla da \u00f6ne \u00e7\u0131k\u0131yor.<\/p>\n","protected":false},"excerpt":{"rendered":"<p>Linda Koltuk Tak\u0131m\u0131 , evinizin atmosferini yeniden \u015fekillendirirken zarafeti ve konforu bir araya getiriyor. Her detay\u0131 \u00f6zenle tasarlanm\u0131\u015f olan bu<\/p>\n","protected":false},"featured_media":1328,"comment_status":"open","ping_status":"closed","template":"","meta":[],"product_brand":[73],"product_cat":[68],"product_tag":[81,113],"class_list":{"0":"post-1292","1":"product","2":"type-product","3":"status-publish","4":"has-post-thumbnail","6":"product_brand-dienni","7":"product_cat-koltuk-takimlari","8":"product_tag-koltuk-takimi","9":"product_tag-linda","11":"first","12":"instock","13":"shipping-taxable","14":"product-type-simple"},"_links":{"self":[{"href":"https:\/\/diennisoft.com\/index.php?rest_route=\/wp\/v2\/product\/1292","targetHints":{"allow":["GET"]}}],"collection":[{"href":"https:\/\/diennisoft.com\/index.php?rest_route=\/wp\/v2\/product"}],"about":[{"href":"https:\/\/diennisoft.com\/index.php?rest_route=\/wp\/v2\/types\/product"}],"replies":[{"embeddable":true,"href":"https:\/\/diennisoft.com\/index.php?rest_route=%2Fwp%2Fv2%2Fcomments&post=1292"}],"wp:featuredmedia":[{"embeddable":true,"href":"https:\/\/diennisoft.com\/index.php?rest_route=\/wp\/v2\/media\/1328"}],"wp:attachment":[{"href":"https:\/\/diennisoft.com\/index.php?rest_route=%2Fwp%2Fv2%2Fmedia&parent=1292"}],"wp:term":[{"taxonomy":"product_brand","embeddable":true,"href":"https:\/\/diennisoft.com\/index.php?rest_route=%2Fwp%2Fv2%2Fproduct_brand&post=1292"},{"taxonomy":"product_cat","embeddable":true,"href":"https:\/\/diennisoft.com\/index.php?rest_route=%2Fwp%2Fv2%2Fproduct_cat&post=1292"},{"taxonomy":"product_tag","embeddable":true,"href":"https:\/\/diennisoft.com\/index.php?rest_route=%2Fwp%2Fv2%2Fproduct_tag&post=1292"}],"curies":[{"name":"wp","href":"https:\/\/api.w.org\/{rel}","templated":true}]}}