{"id":1294,"date":"2025-05-23T09:02:55","date_gmt":"2025-05-23T09:02:55","guid":{"rendered":"https:\/\/diennisoft.com\/?post_type=product&#038;p=1294"},"modified":"2025-05-26T11:27:51","modified_gmt":"2025-05-26T11:27:51","slug":"tilsim-kose","status":"publish","type":"product","link":"https:\/\/diennisoft.com\/?product=tilsim-kose","title":{"rendered":"TILSIM K\u00d6\u015eE"},"content":{"rendered":"<p>T\u0131ls\u0131m K\u00f6\u015fe , tasar\u0131m\u0131nda sadelik ve esteti\u011fi bir araya getirir. Temiz \u00e7izgileri ve dikkat \u00e7ekici detaylar\u0131yla evinize zerafet katar. Her bir par\u00e7as\u0131 \u00f6zenle se\u00e7ilmi\u015f ve \u00fcretilmi\u015f olan T\u0131ls\u0131m K\u00f6\u015fe, ya\u015fam alanlar\u0131n\u0131z\u0131 g\u00fczelle\u015ftirmek i\u00e7in m\u00fckemmel bir se\u00e7imdir.<\/p>\n","protected":false},"excerpt":{"rendered":"<p>T\u0131ls\u0131m K\u00f6\u015fe , tasar\u0131m\u0131nda sadelik ve esteti\u011fi bir araya getirir. Temiz \u00e7izgileri ve dikkat \u00e7ekici detaylar\u0131yla evinize zerafet katar. Her<\/p>\n","protected":false},"featured_media":1327,"comment_status":"open","ping_status":"closed","template":"","meta":[],"product_brand":[73],"product_cat":[68],"product_tag":[81,120],"class_list":{"0":"post-1294","1":"product","2":"type-product","3":"status-publish","4":"has-post-thumbnail","6":"product_brand-dienni","7":"product_cat-koltuk-takimlari","8":"product_tag-koltuk-takimi","9":"product_tag-tilsim-kose","11":"first","12":"instock","13":"shipping-taxable","14":"product-type-simple"},"_links":{"self":[{"href":"https:\/\/diennisoft.com\/index.php?rest_route=\/wp\/v2\/product\/1294","targetHints":{"allow":["GET"]}}],"collection":[{"href":"https:\/\/diennisoft.com\/index.php?rest_route=\/wp\/v2\/product"}],"about":[{"href":"https:\/\/diennisoft.com\/index.php?rest_route=\/wp\/v2\/types\/product"}],"replies":[{"embeddable":true,"href":"https:\/\/diennisoft.com\/index.php?rest_route=%2Fwp%2Fv2%2Fcomments&post=1294"}],"wp:featuredmedia":[{"embeddable":true,"href":"https:\/\/diennisoft.com\/index.php?rest_route=\/wp\/v2\/media\/1327"}],"wp:attachment":[{"href":"https:\/\/diennisoft.com\/index.php?rest_route=%2Fwp%2Fv2%2Fmedia&parent=1294"}],"wp:term":[{"taxonomy":"product_brand","embeddable":true,"href":"https:\/\/diennisoft.com\/index.php?rest_route=%2Fwp%2Fv2%2Fproduct_brand&post=1294"},{"taxonomy":"product_cat","embeddable":true,"href":"https:\/\/diennisoft.com\/index.php?rest_route=%2Fwp%2Fv2%2Fproduct_cat&post=1294"},{"taxonomy":"product_tag","embeddable":true,"href":"https:\/\/diennisoft.com\/index.php?rest_route=%2Fwp%2Fv2%2Fproduct_tag&post=1294"}],"curies":[{"name":"wp","href":"https:\/\/api.w.org\/{rel}","templated":true}]}}