{"id":1295,"date":"2025-05-23T09:43:37","date_gmt":"2025-05-23T09:43:37","guid":{"rendered":"https:\/\/diennisoft.com\/?post_type=product&#038;p=1295"},"modified":"2025-05-26T11:27:22","modified_gmt":"2025-05-26T11:27:22","slug":"merlin","status":"publish","type":"product","link":"https:\/\/diennisoft.com\/?product=merlin","title":{"rendered":"MERL\u0130N"},"content":{"rendered":"<p>Merlin , \u015f\u0131kl\u0131\u011f\u0131 ve zarafetinin yan\u0131 s\u0131ra konfor ve rahatl\u0131\u011f\u0131 sizlere sunuyor.<\/p>\n","protected":false},"excerpt":{"rendered":"<p>Merlin , \u015f\u0131kl\u0131\u011f\u0131 ve zarafetinin yan\u0131 s\u0131ra konfor ve rahatl\u0131\u011f\u0131 sizlere sunuyor.<\/p>\n","protected":false},"featured_media":1326,"comment_status":"open","ping_status":"closed","template":"","meta":[],"product_brand":[],"product_cat":[70],"product_tag":[122,121],"class_list":{"0":"post-1295","1":"product","2":"type-product","3":"status-publish","4":"has-post-thumbnail","6":"product_cat-kanepeler","7":"product_tag-kanepe","8":"product_tag-merlin","10":"first","11":"instock","12":"shipping-taxable","13":"product-type-simple"},"_links":{"self":[{"href":"https:\/\/diennisoft.com\/index.php?rest_route=\/wp\/v2\/product\/1295","targetHints":{"allow":["GET"]}}],"collection":[{"href":"https:\/\/diennisoft.com\/index.php?rest_route=\/wp\/v2\/product"}],"about":[{"href":"https:\/\/diennisoft.com\/index.php?rest_route=\/wp\/v2\/types\/product"}],"replies":[{"embeddable":true,"href":"https:\/\/diennisoft.com\/index.php?rest_route=%2Fwp%2Fv2%2Fcomments&post=1295"}],"wp:featuredmedia":[{"embeddable":true,"href":"https:\/\/diennisoft.com\/index.php?rest_route=\/wp\/v2\/media\/1326"}],"wp:attachment":[{"href":"https:\/\/diennisoft.com\/index.php?rest_route=%2Fwp%2Fv2%2Fmedia&parent=1295"}],"wp:term":[{"taxonomy":"product_brand","embeddable":true,"href":"https:\/\/diennisoft.com\/index.php?rest_route=%2Fwp%2Fv2%2Fproduct_brand&post=1295"},{"taxonomy":"product_cat","embeddable":true,"href":"https:\/\/diennisoft.com\/index.php?rest_route=%2Fwp%2Fv2%2Fproduct_cat&post=1295"},{"taxonomy":"product_tag","embeddable":true,"href":"https:\/\/diennisoft.com\/index.php?rest_route=%2Fwp%2Fv2%2Fproduct_tag&post=1295"}],"curies":[{"name":"wp","href":"https:\/\/api.w.org\/{rel}","templated":true}]}}