{"id":1297,"date":"2025-05-23T09:44:58","date_gmt":"2025-05-23T09:44:58","guid":{"rendered":"https:\/\/diennisoft.com\/?post_type=product&#038;p=1297"},"modified":"2025-05-26T11:26:47","modified_gmt":"2025-05-26T11:26:47","slug":"selin","status":"publish","type":"product","link":"https:\/\/diennisoft.com\/?product=selin","title":{"rendered":"SEL\u0130N"},"content":{"rendered":"<p>Selin , \u015f\u0131kl\u0131\u011f\u0131 ve zarafetinin yan\u0131 s\u0131ra konfor ve rahatl\u0131\u011f\u0131 sizlere sunuyor.<\/p>\n","protected":false},"excerpt":{"rendered":"<p>Selin , \u015f\u0131kl\u0131\u011f\u0131 ve zarafetinin yan\u0131 s\u0131ra konfor ve rahatl\u0131\u011f\u0131 sizlere sunuyor.<\/p>\n","protected":false},"featured_media":1325,"comment_status":"open","ping_status":"closed","template":"","meta":[],"product_brand":[73],"product_cat":[70],"product_tag":[122,123],"class_list":{"0":"post-1297","1":"product","2":"type-product","3":"status-publish","4":"has-post-thumbnail","6":"product_brand-dienni","7":"product_cat-kanepeler","8":"product_tag-kanepe","9":"product_tag-selin","11":"first","12":"instock","13":"shipping-taxable","14":"product-type-simple"},"_links":{"self":[{"href":"https:\/\/diennisoft.com\/index.php?rest_route=\/wp\/v2\/product\/1297","targetHints":{"allow":["GET"]}}],"collection":[{"href":"https:\/\/diennisoft.com\/index.php?rest_route=\/wp\/v2\/product"}],"about":[{"href":"https:\/\/diennisoft.com\/index.php?rest_route=\/wp\/v2\/types\/product"}],"replies":[{"embeddable":true,"href":"https:\/\/diennisoft.com\/index.php?rest_route=%2Fwp%2Fv2%2Fcomments&post=1297"}],"wp:featuredmedia":[{"embeddable":true,"href":"https:\/\/diennisoft.com\/index.php?rest_route=\/wp\/v2\/media\/1325"}],"wp:attachment":[{"href":"https:\/\/diennisoft.com\/index.php?rest_route=%2Fwp%2Fv2%2Fmedia&parent=1297"}],"wp:term":[{"taxonomy":"product_brand","embeddable":true,"href":"https:\/\/diennisoft.com\/index.php?rest_route=%2Fwp%2Fv2%2Fproduct_brand&post=1297"},{"taxonomy":"product_cat","embeddable":true,"href":"https:\/\/diennisoft.com\/index.php?rest_route=%2Fwp%2Fv2%2Fproduct_cat&post=1297"},{"taxonomy":"product_tag","embeddable":true,"href":"https:\/\/diennisoft.com\/index.php?rest_route=%2Fwp%2Fv2%2Fproduct_tag&post=1297"}],"curies":[{"name":"wp","href":"https:\/\/api.w.org\/{rel}","templated":true}]}}