{"id":1299,"date":"2025-05-23T09:50:33","date_gmt":"2025-05-23T09:50:33","guid":{"rendered":"https:\/\/diennisoft.com\/?post_type=product&#038;p=1299"},"modified":"2025-05-26T11:22:32","modified_gmt":"2025-05-26T11:22:32","slug":"masal","status":"publish","type":"product","link":"https:\/\/diennisoft.com\/?product=masal","title":{"rendered":"MASAL"},"content":{"rendered":"<p>Masal , \u015f\u0131kl\u0131\u011f\u0131 ve zarafetinin yan\u0131 s\u0131ra konfor ve rahatl\u0131\u011f\u0131 sizlere sunuyor.<\/p>\n","protected":false},"excerpt":{"rendered":"<p>Masal , \u015f\u0131kl\u0131\u011f\u0131 ve zarafetinin yan\u0131 s\u0131ra konfor ve rahatl\u0131\u011f\u0131 sizlere sunuyor.<\/p>\n","protected":false},"featured_media":1322,"comment_status":"open","ping_status":"closed","template":"","meta":[],"product_brand":[73],"product_cat":[70],"product_tag":[122,127],"class_list":{"0":"post-1299","1":"product","2":"type-product","3":"status-publish","4":"has-post-thumbnail","6":"product_brand-dienni","7":"product_cat-kanepeler","8":"product_tag-kanepe","9":"product_tag-masal","11":"first","12":"instock","13":"shipping-taxable","14":"product-type-simple"},"_links":{"self":[{"href":"https:\/\/diennisoft.com\/index.php?rest_route=\/wp\/v2\/product\/1299","targetHints":{"allow":["GET"]}}],"collection":[{"href":"https:\/\/diennisoft.com\/index.php?rest_route=\/wp\/v2\/product"}],"about":[{"href":"https:\/\/diennisoft.com\/index.php?rest_route=\/wp\/v2\/types\/product"}],"replies":[{"embeddable":true,"href":"https:\/\/diennisoft.com\/index.php?rest_route=%2Fwp%2Fv2%2Fcomments&post=1299"}],"wp:featuredmedia":[{"embeddable":true,"href":"https:\/\/diennisoft.com\/index.php?rest_route=\/wp\/v2\/media\/1322"}],"wp:attachment":[{"href":"https:\/\/diennisoft.com\/index.php?rest_route=%2Fwp%2Fv2%2Fmedia&parent=1299"}],"wp:term":[{"taxonomy":"product_brand","embeddable":true,"href":"https:\/\/diennisoft.com\/index.php?rest_route=%2Fwp%2Fv2%2Fproduct_brand&post=1299"},{"taxonomy":"product_cat","embeddable":true,"href":"https:\/\/diennisoft.com\/index.php?rest_route=%2Fwp%2Fv2%2Fproduct_cat&post=1299"},{"taxonomy":"product_tag","embeddable":true,"href":"https:\/\/diennisoft.com\/index.php?rest_route=%2Fwp%2Fv2%2Fproduct_tag&post=1299"}],"curies":[{"name":"wp","href":"https:\/\/api.w.org\/{rel}","templated":true}]}}