{"id":1301,"date":"2025-05-23T10:04:14","date_gmt":"2025-05-23T10:04:14","guid":{"rendered":"https:\/\/diennisoft.com\/?post_type=product&#038;p=1301"},"modified":"2025-05-26T11:21:14","modified_gmt":"2025-05-26T11:21:14","slug":"milan","status":"publish","type":"product","link":"https:\/\/diennisoft.com\/?product=milan","title":{"rendered":"M\u0130LAN"},"content":{"rendered":"<p>Hayal g\u00fcc\u00fc ve enerjisi y\u00fcksek olanlara hitap eden Milan ile ger\u00e7ek bir rahatlama ve uyku deneyimine haz\u0131r olun.<\/p>\n","protected":false},"excerpt":{"rendered":"<p>Hayal g\u00fcc\u00fc ve enerjisi y\u00fcksek olanlara hitap eden Milan ile ger\u00e7ek bir rahatlama ve uyku deneyimine haz\u0131r olun.<\/p>\n","protected":false},"featured_media":1320,"comment_status":"open","ping_status":"closed","template":"","meta":[],"product_brand":[73],"product_cat":[71],"product_tag":[135,131],"class_list":{"0":"post-1301","1":"product","2":"type-product","3":"status-publish","4":"has-post-thumbnail","6":"product_brand-dienni","7":"product_cat-uyku-seti","8":"product_tag-milan","9":"product_tag-uyku-seti","11":"first","12":"instock","13":"shipping-taxable","14":"product-type-simple"},"_links":{"self":[{"href":"https:\/\/diennisoft.com\/index.php?rest_route=\/wp\/v2\/product\/1301","targetHints":{"allow":["GET"]}}],"collection":[{"href":"https:\/\/diennisoft.com\/index.php?rest_route=\/wp\/v2\/product"}],"about":[{"href":"https:\/\/diennisoft.com\/index.php?rest_route=\/wp\/v2\/types\/product"}],"replies":[{"embeddable":true,"href":"https:\/\/diennisoft.com\/index.php?rest_route=%2Fwp%2Fv2%2Fcomments&post=1301"}],"wp:featuredmedia":[{"embeddable":true,"href":"https:\/\/diennisoft.com\/index.php?rest_route=\/wp\/v2\/media\/1320"}],"wp:attachment":[{"href":"https:\/\/diennisoft.com\/index.php?rest_route=%2Fwp%2Fv2%2Fmedia&parent=1301"}],"wp:term":[{"taxonomy":"product_brand","embeddable":true,"href":"https:\/\/diennisoft.com\/index.php?rest_route=%2Fwp%2Fv2%2Fproduct_brand&post=1301"},{"taxonomy":"product_cat","embeddable":true,"href":"https:\/\/diennisoft.com\/index.php?rest_route=%2Fwp%2Fv2%2Fproduct_cat&post=1301"},{"taxonomy":"product_tag","embeddable":true,"href":"https:\/\/diennisoft.com\/index.php?rest_route=%2Fwp%2Fv2%2Fproduct_tag&post=1301"}],"curies":[{"name":"wp","href":"https:\/\/api.w.org\/{rel}","templated":true}]}}