{"id":1302,"date":"2025-05-23T10:08:34","date_gmt":"2025-05-23T10:08:34","guid":{"rendered":"https:\/\/diennisoft.com\/?post_type=product&#038;p=1302"},"modified":"2025-05-26T11:20:28","modified_gmt":"2025-05-26T11:20:28","slug":"comfort","status":"publish","type":"product","link":"https:\/\/diennisoft.com\/?product=comfort","title":{"rendered":"COMFORT"},"content":{"rendered":"<p>Comfort yatak, konfor ve esteti\u011fi bir araya getirerek yatak odan\u0131z\u0131 l\u00fcks bir ya\u015fam alan\u0131na d\u00f6n\u00fc\u015ft\u00fcr\u00fcyor.<\/p>\n<p>B\u00f6ylece, her gece ferah bir uyku ortam\u0131nda dinlenerek, g\u00fcne enerjik bir ba\u015flang\u0131\u00e7 yapabiliyorsunuz.<\/p>\n","protected":false},"excerpt":{"rendered":"<p>Comfort yatak, konfor ve esteti\u011fi bir araya getirerek yatak odan\u0131z\u0131 l\u00fcks bir ya\u015fam alan\u0131na d\u00f6n\u00fc\u015ft\u00fcr\u00fcyor. B\u00f6ylece, her gece ferah bir<\/p>\n","protected":false},"featured_media":1319,"comment_status":"open","ping_status":"closed","template":"","meta":[],"product_brand":[73],"product_cat":[71],"product_tag":[138,131],"class_list":{"0":"post-1302","1":"product","2":"type-product","3":"status-publish","4":"has-post-thumbnail","6":"product_brand-dienni","7":"product_cat-uyku-seti","8":"product_tag-comfort","9":"product_tag-uyku-seti","11":"first","12":"instock","13":"shipping-taxable","14":"product-type-simple"},"_links":{"self":[{"href":"https:\/\/diennisoft.com\/index.php?rest_route=\/wp\/v2\/product\/1302","targetHints":{"allow":["GET"]}}],"collection":[{"href":"https:\/\/diennisoft.com\/index.php?rest_route=\/wp\/v2\/product"}],"about":[{"href":"https:\/\/diennisoft.com\/index.php?rest_route=\/wp\/v2\/types\/product"}],"replies":[{"embeddable":true,"href":"https:\/\/diennisoft.com\/index.php?rest_route=%2Fwp%2Fv2%2Fcomments&post=1302"}],"wp:featuredmedia":[{"embeddable":true,"href":"https:\/\/diennisoft.com\/index.php?rest_route=\/wp\/v2\/media\/1319"}],"wp:attachment":[{"href":"https:\/\/diennisoft.com\/index.php?rest_route=%2Fwp%2Fv2%2Fmedia&parent=1302"}],"wp:term":[{"taxonomy":"product_brand","embeddable":true,"href":"https:\/\/diennisoft.com\/index.php?rest_route=%2Fwp%2Fv2%2Fproduct_brand&post=1302"},{"taxonomy":"product_cat","embeddable":true,"href":"https:\/\/diennisoft.com\/index.php?rest_route=%2Fwp%2Fv2%2Fproduct_cat&post=1302"},{"taxonomy":"product_tag","embeddable":true,"href":"https:\/\/diennisoft.com\/index.php?rest_route=%2Fwp%2Fv2%2Fproduct_tag&post=1302"}],"curies":[{"name":"wp","href":"https:\/\/api.w.org\/{rel}","templated":true}]}}