{"id":1303,"date":"2025-05-23T10:11:19","date_gmt":"2025-05-23T10:11:19","guid":{"rendered":"https:\/\/diennisoft.com\/?post_type=product&#038;p=1303"},"modified":"2025-05-26T11:17:51","modified_gmt":"2025-05-26T11:17:51","slug":"royal","status":"publish","type":"product","link":"https:\/\/diennisoft.com\/?product=royal","title":{"rendered":"ROYAL"},"content":{"rendered":"<p>Royal yatak y\u00fcksek anatomik \u00f6zelli\u011fi v\u00fccuda tam destek sa\u011flayarak her yat\u0131\u015f pozisyonunda omurgan\u0131z\u0131n en do\u011fru pozisyonda tutulmas\u0131na destek verir.<\/p>\n","protected":false},"excerpt":{"rendered":"<p>Royal yatak y\u00fcksek anatomik \u00f6zelli\u011fi v\u00fccuda tam destek sa\u011flayarak her yat\u0131\u015f pozisyonunda omurgan\u0131z\u0131n en do\u011fru pozisyonda tutulmas\u0131na destek verir.<\/p>\n","protected":false},"featured_media":1318,"comment_status":"open","ping_status":"closed","template":"","meta":[],"product_brand":[73],"product_cat":[71],"product_tag":[140,131],"class_list":{"0":"post-1303","1":"product","2":"type-product","3":"status-publish","4":"has-post-thumbnail","6":"product_brand-dienni","7":"product_cat-uyku-seti","8":"product_tag-royal","9":"product_tag-uyku-seti","11":"first","12":"instock","13":"shipping-taxable","14":"product-type-simple"},"_links":{"self":[{"href":"https:\/\/diennisoft.com\/index.php?rest_route=\/wp\/v2\/product\/1303","targetHints":{"allow":["GET"]}}],"collection":[{"href":"https:\/\/diennisoft.com\/index.php?rest_route=\/wp\/v2\/product"}],"about":[{"href":"https:\/\/diennisoft.com\/index.php?rest_route=\/wp\/v2\/types\/product"}],"replies":[{"embeddable":true,"href":"https:\/\/diennisoft.com\/index.php?rest_route=%2Fwp%2Fv2%2Fcomments&post=1303"}],"wp:featuredmedia":[{"embeddable":true,"href":"https:\/\/diennisoft.com\/index.php?rest_route=\/wp\/v2\/media\/1318"}],"wp:attachment":[{"href":"https:\/\/diennisoft.com\/index.php?rest_route=%2Fwp%2Fv2%2Fmedia&parent=1303"}],"wp:term":[{"taxonomy":"product_brand","embeddable":true,"href":"https:\/\/diennisoft.com\/index.php?rest_route=%2Fwp%2Fv2%2Fproduct_brand&post=1303"},{"taxonomy":"product_cat","embeddable":true,"href":"https:\/\/diennisoft.com\/index.php?rest_route=%2Fwp%2Fv2%2Fproduct_cat&post=1303"},{"taxonomy":"product_tag","embeddable":true,"href":"https:\/\/diennisoft.com\/index.php?rest_route=%2Fwp%2Fv2%2Fproduct_tag&post=1303"}],"curies":[{"name":"wp","href":"https:\/\/api.w.org\/{rel}","templated":true}]}}