{"id":1304,"date":"2025-05-23T10:14:39","date_gmt":"2025-05-23T10:14:39","guid":{"rendered":"https:\/\/diennisoft.com\/?post_type=product&#038;p=1304"},"modified":"2025-05-26T11:17:09","modified_gmt":"2025-05-26T11:17:09","slug":"naturel","status":"publish","type":"product","link":"https:\/\/diennisoft.com\/?product=naturel","title":{"rendered":"NATUREL"},"content":{"rendered":"<p>Deliksiz bir uykunun hayat\u0131n\u0131za katt\u0131\u011f\u0131 de\u011fer vazge\u00e7ilmezdir. En g\u00fczel sabahlara uyanman\u0131n anahtar\u0131 olan \u00f6zel kuma\u015f yap\u0131s\u0131 ; nemi emer , h\u0131zl\u0131 kuruma sa\u011flar ve ferah bir uykuyla sizi a\u011f\u0131rlar.<\/p>\n","protected":false},"excerpt":{"rendered":"<p>Deliksiz bir uykunun hayat\u0131n\u0131za katt\u0131\u011f\u0131 de\u011fer vazge\u00e7ilmezdir. En g\u00fczel sabahlara uyanman\u0131n anahtar\u0131 olan \u00f6zel kuma\u015f yap\u0131s\u0131 ; nemi emer ,<\/p>\n","protected":false},"featured_media":1317,"comment_status":"open","ping_status":"closed","template":"","meta":[],"product_brand":[73],"product_cat":[71],"product_tag":[141,131],"class_list":{"0":"post-1304","1":"product","2":"type-product","3":"status-publish","4":"has-post-thumbnail","6":"product_brand-dienni","7":"product_cat-uyku-seti","8":"product_tag-naturel","9":"product_tag-uyku-seti","11":"first","12":"instock","13":"shipping-taxable","14":"product-type-simple"},"_links":{"self":[{"href":"https:\/\/diennisoft.com\/index.php?rest_route=\/wp\/v2\/product\/1304","targetHints":{"allow":["GET"]}}],"collection":[{"href":"https:\/\/diennisoft.com\/index.php?rest_route=\/wp\/v2\/product"}],"about":[{"href":"https:\/\/diennisoft.com\/index.php?rest_route=\/wp\/v2\/types\/product"}],"replies":[{"embeddable":true,"href":"https:\/\/diennisoft.com\/index.php?rest_route=%2Fwp%2Fv2%2Fcomments&post=1304"}],"wp:featuredmedia":[{"embeddable":true,"href":"https:\/\/diennisoft.com\/index.php?rest_route=\/wp\/v2\/media\/1317"}],"wp:attachment":[{"href":"https:\/\/diennisoft.com\/index.php?rest_route=%2Fwp%2Fv2%2Fmedia&parent=1304"}],"wp:term":[{"taxonomy":"product_brand","embeddable":true,"href":"https:\/\/diennisoft.com\/index.php?rest_route=%2Fwp%2Fv2%2Fproduct_brand&post=1304"},{"taxonomy":"product_cat","embeddable":true,"href":"https:\/\/diennisoft.com\/index.php?rest_route=%2Fwp%2Fv2%2Fproduct_cat&post=1304"},{"taxonomy":"product_tag","embeddable":true,"href":"https:\/\/diennisoft.com\/index.php?rest_route=%2Fwp%2Fv2%2Fproduct_tag&post=1304"}],"curies":[{"name":"wp","href":"https:\/\/api.w.org\/{rel}","templated":true}]}}