{"id":1305,"date":"2025-05-23T10:16:48","date_gmt":"2025-05-23T10:16:48","guid":{"rendered":"https:\/\/diennisoft.com\/?post_type=product&#038;p=1305"},"modified":"2025-05-26T11:16:01","modified_gmt":"2025-05-26T11:16:01","slug":"master","status":"publish","type":"product","link":"https:\/\/diennisoft.com\/?product=master","title":{"rendered":"MASTER"},"content":{"rendered":"<p>Uyurken konfor yakalay\u0131p, \u015f\u0131kl\u0131\u011f\u0131 yatak odas\u0131nda sergilemek isteyenler i\u00e7in tasarlanan Master , i\u015flevsel \u015f\u0131kl\u0131\u011fa sekt\u00f6re yeni bir \u0131\u015f\u0131k tutuyor.<\/p>\n","protected":false},"excerpt":{"rendered":"<p>Uyurken konfor yakalay\u0131p, \u015f\u0131kl\u0131\u011f\u0131 yatak odas\u0131nda sergilemek isteyenler i\u00e7in tasarlanan Master , i\u015flevsel \u015f\u0131kl\u0131\u011fa sekt\u00f6re yeni bir \u0131\u015f\u0131k tutuyor.<\/p>\n","protected":false},"featured_media":1316,"comment_status":"open","ping_status":"closed","template":"","meta":[],"product_brand":[73],"product_cat":[71],"product_tag":[142,131],"class_list":{"0":"post-1305","1":"product","2":"type-product","3":"status-publish","4":"has-post-thumbnail","6":"product_brand-dienni","7":"product_cat-uyku-seti","8":"product_tag-master","9":"product_tag-uyku-seti","11":"first","12":"instock","13":"shipping-taxable","14":"product-type-simple"},"_links":{"self":[{"href":"https:\/\/diennisoft.com\/index.php?rest_route=\/wp\/v2\/product\/1305","targetHints":{"allow":["GET"]}}],"collection":[{"href":"https:\/\/diennisoft.com\/index.php?rest_route=\/wp\/v2\/product"}],"about":[{"href":"https:\/\/diennisoft.com\/index.php?rest_route=\/wp\/v2\/types\/product"}],"replies":[{"embeddable":true,"href":"https:\/\/diennisoft.com\/index.php?rest_route=%2Fwp%2Fv2%2Fcomments&post=1305"}],"wp:featuredmedia":[{"embeddable":true,"href":"https:\/\/diennisoft.com\/index.php?rest_route=\/wp\/v2\/media\/1316"}],"wp:attachment":[{"href":"https:\/\/diennisoft.com\/index.php?rest_route=%2Fwp%2Fv2%2Fmedia&parent=1305"}],"wp:term":[{"taxonomy":"product_brand","embeddable":true,"href":"https:\/\/diennisoft.com\/index.php?rest_route=%2Fwp%2Fv2%2Fproduct_brand&post=1305"},{"taxonomy":"product_cat","embeddable":true,"href":"https:\/\/diennisoft.com\/index.php?rest_route=%2Fwp%2Fv2%2Fproduct_cat&post=1305"},{"taxonomy":"product_tag","embeddable":true,"href":"https:\/\/diennisoft.com\/index.php?rest_route=%2Fwp%2Fv2%2Fproduct_tag&post=1305"}],"curies":[{"name":"wp","href":"https:\/\/api.w.org\/{rel}","templated":true}]}}