{"id":1306,"date":"2025-05-23T10:19:10","date_gmt":"2025-05-23T10:19:10","guid":{"rendered":"https:\/\/diennisoft.com\/?post_type=product&#038;p=1306"},"modified":"2025-05-26T11:15:08","modified_gmt":"2025-05-26T11:15:08","slug":"dory","status":"publish","type":"product","link":"https:\/\/diennisoft.com\/?product=dory","title":{"rendered":"DORY"},"content":{"rendered":"<p>Rahatl\u0131kla uyumak hi\u00e7 bu kadar kolay olmam\u0131\u015ft\u0131. Dory yatak v\u00fccuda kusursuz uyum sa\u011flayarak m\u00fckemmel bir destek sunuyor.<\/p>\n","protected":false},"excerpt":{"rendered":"<p>Rahatl\u0131kla uyumak hi\u00e7 bu kadar kolay olmam\u0131\u015ft\u0131. Dory yatak v\u00fccuda kusursuz uyum sa\u011flayarak m\u00fckemmel bir destek sunuyor.<\/p>\n","protected":false},"featured_media":1315,"comment_status":"open","ping_status":"closed","template":"","meta":[],"product_brand":[73],"product_cat":[71],"product_tag":[144,131],"class_list":{"0":"post-1306","1":"product","2":"type-product","3":"status-publish","4":"has-post-thumbnail","6":"product_brand-dienni","7":"product_cat-uyku-seti","8":"product_tag-dory","9":"product_tag-uyku-seti","11":"first","12":"instock","13":"shipping-taxable","14":"product-type-simple"},"_links":{"self":[{"href":"https:\/\/diennisoft.com\/index.php?rest_route=\/wp\/v2\/product\/1306","targetHints":{"allow":["GET"]}}],"collection":[{"href":"https:\/\/diennisoft.com\/index.php?rest_route=\/wp\/v2\/product"}],"about":[{"href":"https:\/\/diennisoft.com\/index.php?rest_route=\/wp\/v2\/types\/product"}],"replies":[{"embeddable":true,"href":"https:\/\/diennisoft.com\/index.php?rest_route=%2Fwp%2Fv2%2Fcomments&post=1306"}],"wp:featuredmedia":[{"embeddable":true,"href":"https:\/\/diennisoft.com\/index.php?rest_route=\/wp\/v2\/media\/1315"}],"wp:attachment":[{"href":"https:\/\/diennisoft.com\/index.php?rest_route=%2Fwp%2Fv2%2Fmedia&parent=1306"}],"wp:term":[{"taxonomy":"product_brand","embeddable":true,"href":"https:\/\/diennisoft.com\/index.php?rest_route=%2Fwp%2Fv2%2Fproduct_brand&post=1306"},{"taxonomy":"product_cat","embeddable":true,"href":"https:\/\/diennisoft.com\/index.php?rest_route=%2Fwp%2Fv2%2Fproduct_cat&post=1306"},{"taxonomy":"product_tag","embeddable":true,"href":"https:\/\/diennisoft.com\/index.php?rest_route=%2Fwp%2Fv2%2Fproduct_tag&post=1306"}],"curies":[{"name":"wp","href":"https:\/\/api.w.org\/{rel}","templated":true}]}}