{"id":1308,"date":"2025-05-23T10:24:06","date_gmt":"2025-05-23T10:24:06","guid":{"rendered":"https:\/\/diennisoft.com\/?post_type=product&#038;p=1308"},"modified":"2025-05-26T11:12:54","modified_gmt":"2025-05-26T11:12:54","slug":"mubo","status":"publish","type":"product","link":"https:\/\/diennisoft.com\/?product=mubo","title":{"rendered":"MUBO"},"content":{"rendered":"<p>Mubo , ya\u015fam alan\u0131nda daha fazla \u015f\u0131kl\u0131k ve sadelik isteyenlerin dikkatini \u00e7ekiyor. Sadeli\u011fi tercih ediyorsan\u0131z bu \u00fcr\u00fcn tam size g\u00f6re.<\/p>\n","protected":false},"excerpt":{"rendered":"<p>Mubo , ya\u015fam alan\u0131nda daha fazla \u015f\u0131kl\u0131k ve sadelik isteyenlerin dikkatini \u00e7ekiyor. Sadeli\u011fi tercih ediyorsan\u0131z bu \u00fcr\u00fcn tam size g\u00f6re.<\/p>\n","protected":false},"featured_media":1313,"comment_status":"open","ping_status":"closed","template":"","meta":[],"product_brand":[73],"product_cat":[71],"product_tag":[147,131],"class_list":{"0":"post-1308","1":"product","2":"type-product","3":"status-publish","4":"has-post-thumbnail","6":"product_brand-dienni","7":"product_cat-uyku-seti","8":"product_tag-mubo","9":"product_tag-uyku-seti","11":"first","12":"instock","13":"shipping-taxable","14":"product-type-simple"},"_links":{"self":[{"href":"https:\/\/diennisoft.com\/index.php?rest_route=\/wp\/v2\/product\/1308","targetHints":{"allow":["GET"]}}],"collection":[{"href":"https:\/\/diennisoft.com\/index.php?rest_route=\/wp\/v2\/product"}],"about":[{"href":"https:\/\/diennisoft.com\/index.php?rest_route=\/wp\/v2\/types\/product"}],"replies":[{"embeddable":true,"href":"https:\/\/diennisoft.com\/index.php?rest_route=%2Fwp%2Fv2%2Fcomments&post=1308"}],"wp:featuredmedia":[{"embeddable":true,"href":"https:\/\/diennisoft.com\/index.php?rest_route=\/wp\/v2\/media\/1313"}],"wp:attachment":[{"href":"https:\/\/diennisoft.com\/index.php?rest_route=%2Fwp%2Fv2%2Fmedia&parent=1308"}],"wp:term":[{"taxonomy":"product_brand","embeddable":true,"href":"https:\/\/diennisoft.com\/index.php?rest_route=%2Fwp%2Fv2%2Fproduct_brand&post=1308"},{"taxonomy":"product_cat","embeddable":true,"href":"https:\/\/diennisoft.com\/index.php?rest_route=%2Fwp%2Fv2%2Fproduct_cat&post=1308"},{"taxonomy":"product_tag","embeddable":true,"href":"https:\/\/diennisoft.com\/index.php?rest_route=%2Fwp%2Fv2%2Fproduct_tag&post=1308"}],"curies":[{"name":"wp","href":"https:\/\/api.w.org\/{rel}","templated":true}]}}